{"id":27,"date":"2020-01-18T13:54:58","date_gmt":"2020-01-18T13:54:58","guid":{"rendered":"http:\/\/herbace.ch\/wp\/?page_id=27"},"modified":"2022-11-18T14:32:34","modified_gmt":"2022-11-18T14:32:34","slug":"formulaire","status":"publish","type":"page","link":"https:\/\/herbace.ch\/wp\/formulaire\/","title":{"rendered":"Contact"},"content":{"rendered":"\r\n\n<div class=\"wpcf7 no-js\" id=\"wpcf7-f25-o1\" lang=\"fr-FR\" dir=\"ltr\" data-wpcf7-id=\"25\">\n<div class=\"screen-reader-response\"><p role=\"status\" aria-live=\"polite\" aria-atomic=\"true\"><\/p> <ul><\/ul><\/div>\n<form action=\"\/wp\/wp-json\/wp\/v2\/pages\/27#wpcf7-f25-o1\" method=\"post\" class=\"wpcf7-form init\" aria-label=\"Formulaire de contact\" novalidate=\"novalidate\" data-status=\"init\">\n<fieldset class=\"hidden-fields-container\"><input type=\"hidden\" name=\"_wpcf7\" value=\"25\" \/><input type=\"hidden\" name=\"_wpcf7_version\" value=\"6.1.5\" \/><input type=\"hidden\" name=\"_wpcf7_locale\" value=\"fr_FR\" \/><input type=\"hidden\" name=\"_wpcf7_unit_tag\" value=\"wpcf7-f25-o1\" \/><input type=\"hidden\" name=\"_wpcf7_container_post\" value=\"0\" \/><input type=\"hidden\" name=\"_wpcf7_posted_data_hash\" value=\"\" \/>\n<\/fieldset>\n<p><label> Votre nom (obligatoire)<br \/>\n<span class=\"wpcf7-form-control-wrap\" data-name=\"your-name\"><input size=\"40\" maxlength=\"400\" class=\"wpcf7-form-control wpcf7-text wpcf7-validates-as-required\" aria-required=\"true\" aria-invalid=\"false\" value=\"\" type=\"text\" name=\"your-name\" \/><\/span> <\/label>\n<\/p>\n<p><label> Votre adresse de messagerie (obligatoire)<br \/>\n<span class=\"wpcf7-form-control-wrap\" data-name=\"your-email\"><input size=\"40\" maxlength=\"400\" class=\"wpcf7-form-control wpcf7-email wpcf7-validates-as-required wpcf7-text wpcf7-validates-as-email\" aria-required=\"true\" aria-invalid=\"false\" value=\"\" type=\"email\" name=\"your-email\" \/><\/span> <\/label>\n<\/p>\n<p><label> Objet<br \/>\n<span class=\"wpcf7-form-control-wrap\" data-name=\"your-subject\"><input size=\"40\" maxlength=\"400\" class=\"wpcf7-form-control wpcf7-text\" aria-invalid=\"false\" value=\"\" type=\"text\" name=\"your-subject\" \/><\/span> <\/label>\n<\/p>\n<p><label> Votre message<br \/>\n<span class=\"wpcf7-form-control-wrap\" data-name=\"your-message\"><textarea cols=\"40\" rows=\"10\" maxlength=\"2000\" class=\"wpcf7-form-control wpcf7-textarea\" aria-invalid=\"false\" name=\"your-message\"><\/textarea><\/span> <\/label>\n<\/p>\n<p><p><label for=\"g-recaptcha\">Recaptcha<\/label> <img decoding=\"async\" id=\"captcha\" src=\"https:\/\/herbace.ch\/wp\/?cta_securimage=Y&distortion=0.4&signature=&signatureColour=000000&mathOrText=text\" style=\"display: block; margin: 0 auto;\" alt=\"CAPTCHA Image\" \/><span style=\"text-align: center; display: block;\"><a href=\"#\" onclick=\"document.getElementById('captcha').src = 'https:\/\/herbace.ch\/wp\/?cta_securimage=Y&distortion=0.4&signature=&mathOrText=text&signatureColour=000000&' + Math.random(); return false\">Change Image<\/a><\/span><input type=\"text\" placeholder=\"Enter Code Above...\" name=\"captcha_code\" size=\"15\" maxlength=\"25\" \/><\/p><input id=\"emailHP-6a032ed8aa191\" type=\"text\" class=\"hPot_checker emailHP\" name=\"emailHP\" size=\"25\" value=\"\" placeholder=\"Do not fill in this field\" \/><span class=\"wpcf7-form-control-wrap cta_recaptcha\"><\/span>\n<\/p>\n<p><input class=\"wpcf7-form-control wpcf7-submit has-spinner\" type=\"submit\" value=\"Envoyer\" \/>\n<\/p><p style=\"display: none !important;\" class=\"akismet-fields-container\" data-prefix=\"_wpcf7_ak_\"><label>&#916;<textarea name=\"_wpcf7_ak_hp_textarea\" cols=\"45\" rows=\"8\" maxlength=\"100\"><\/textarea><\/label><input type=\"hidden\" id=\"ak_js_1\" name=\"_wpcf7_ak_js\" value=\"8\"\/><script type=\"text\/javascript\">\n\/* <![CDATA[ *\/\ndocument.getElementById( \"ak_js_1\" ).setAttribute( \"value\", ( new Date() ).getTime() );\n\/* ]]> *\/\n<\/script>\n<\/p><div class=\"wpcf7-response-output\" aria-hidden=\"true\"><\/div>\n<\/form>\n<\/div>\n\r\n\r\n\r\n\r\n<p>&nbsp;<\/p>\r\n","protected":false},"excerpt":{"rendered":"<p>&nbsp;<\/p>\n","protected":false},"author":1,"featured_media":0,"parent":0,"menu_order":0,"comment_status":"closed","ping_status":"closed","template":"","meta":{"footnotes":""},"class_list":["post-27","page","type-page","status-publish","hentry"],"yoast_head":"<!-- This site is optimized with the Yoast SEO plugin v27.0 - https:\/\/yoast.com\/product\/yoast-seo-wordpress\/ -->\n<title>Contact - Herb&#039;\u00e0 C\u00e9<\/title>\n<meta name=\"description\" content=\"Pour tous renseignements, questions ou informations, contactez-nous directement via le formulaire de contact.\" \/>\n<meta name=\"robots\" content=\"index, follow, max-snippet:-1, max-image-preview:large, max-video-preview:-1\" \/>\n<link rel=\"canonical\" href=\"https:\/\/herbace.ch\/wp\/formulaire\/\" \/>\n<meta property=\"og:locale\" content=\"fr_FR\" \/>\n<meta property=\"og:type\" content=\"article\" \/>\n<meta property=\"og:title\" content=\"Contact - Herb&#039;\u00e0 C\u00e9\" \/>\n<meta property=\"og:description\" content=\"Pour tous renseignements, questions ou informations, contactez-nous directement via le formulaire de contact.\" \/>\n<meta property=\"og:url\" content=\"https:\/\/herbace.ch\/wp\/formulaire\/\" \/>\n<meta property=\"og:site_name\" content=\"Herb&#039;\u00e0 C\u00e9\" \/>\n<meta property=\"article:publisher\" content=\"https:\/\/www.facebook.com\/celine.bron.cb?locale=fr_FR\" \/>\n<meta property=\"article:modified_time\" content=\"2022-11-18T14:32:34+00:00\" \/>\n<meta name=\"twitter:card\" content=\"summary_large_image\" \/>\n<meta name=\"twitter:label1\" content=\"Dur\u00e9e de lecture estim\u00e9e\" \/>\n\t<meta name=\"twitter:data1\" content=\"1 minute\" \/>\n<script type=\"application\/ld+json\" class=\"yoast-schema-graph\">{\"@context\":\"https:\/\/schema.org\",\"@graph\":[{\"@type\":\"WebPage\",\"@id\":\"https:\/\/herbace.ch\/wp\/formulaire\/\",\"url\":\"https:\/\/herbace.ch\/wp\/formulaire\/\",\"name\":\"Contact - Herb&#039;\u00e0 C\u00e9\",\"isPartOf\":{\"@id\":\"https:\/\/herbace.ch\/wp\/#website\"},\"datePublished\":\"2020-01-18T13:54:58+00:00\",\"dateModified\":\"2022-11-18T14:32:34+00:00\",\"description\":\"Pour tous renseignements, questions ou informations, contactez-nous directement via le formulaire de contact.\",\"breadcrumb\":{\"@id\":\"https:\/\/herbace.ch\/wp\/formulaire\/#breadcrumb\"},\"inLanguage\":\"fr-FR\",\"potentialAction\":[{\"@type\":\"ReadAction\",\"target\":[\"https:\/\/herbace.ch\/wp\/formulaire\/\"]}]},{\"@type\":\"BreadcrumbList\",\"@id\":\"https:\/\/herbace.ch\/wp\/formulaire\/#breadcrumb\",\"itemListElement\":[{\"@type\":\"ListItem\",\"position\":1,\"name\":\"Accueil\",\"item\":\"https:\/\/herbace.ch\/wp\/\"},{\"@type\":\"ListItem\",\"position\":2,\"name\":\"Contact\"}]},{\"@type\":\"WebSite\",\"@id\":\"https:\/\/herbace.ch\/wp\/#website\",\"url\":\"https:\/\/herbace.ch\/wp\/\",\"name\":\"Herb'\u00e0 C\u00e9\",\"description\":\"La force des plantes au quotidien\",\"publisher\":{\"@id\":\"https:\/\/herbace.ch\/wp\/#organization\"},\"alternateName\":\"herbace\",\"potentialAction\":[{\"@type\":\"SearchAction\",\"target\":{\"@type\":\"EntryPoint\",\"urlTemplate\":\"https:\/\/herbace.ch\/wp\/?s={search_term_string}\"},\"query-input\":{\"@type\":\"PropertyValueSpecification\",\"valueRequired\":true,\"valueName\":\"search_term_string\"}}],\"inLanguage\":\"fr-FR\"},{\"@type\":\"Organization\",\"@id\":\"https:\/\/herbace.ch\/wp\/#organization\",\"name\":\"Herb'\u00e0 C\u00e9\",\"alternateName\":\"herbace\",\"url\":\"https:\/\/herbace.ch\/wp\/\",\"logo\":{\"@type\":\"ImageObject\",\"inLanguage\":\"fr-FR\",\"@id\":\"https:\/\/herbace.ch\/wp\/#\/schema\/logo\/image\/\",\"url\":\"https:\/\/herbace.ch\/wp\/wp-content\/uploads\/2020\/01\/cropped-Logo_Herb\u00e0C\u00e9-e1579377293294-1.png\",\"contentUrl\":\"https:\/\/herbace.ch\/wp\/wp-content\/uploads\/2020\/01\/cropped-Logo_Herb\u00e0C\u00e9-e1579377293294-1.png\",\"width\":150,\"height\":157,\"caption\":\"Herb'\u00e0 C\u00e9\"},\"image\":{\"@id\":\"https:\/\/herbace.ch\/wp\/#\/schema\/logo\/image\/\"},\"sameAs\":[\"https:\/\/www.facebook.com\/celine.bron.cb?locale=fr_FR\",\"https:\/\/www.instagram.com\/herbace.ch\/\"]}]}<\/script>\n<!-- \/ Yoast SEO plugin. -->","yoast_head_json":{"title":"Contact - Herb&#039;\u00e0 C\u00e9","description":"Pour tous renseignements, questions ou informations, contactez-nous directement via le formulaire de contact.","robots":{"index":"index","follow":"follow","max-snippet":"max-snippet:-1","max-image-preview":"max-image-preview:large","max-video-preview":"max-video-preview:-1"},"canonical":"https:\/\/herbace.ch\/wp\/formulaire\/","og_locale":"fr_FR","og_type":"article","og_title":"Contact - Herb&#039;\u00e0 C\u00e9","og_description":"Pour tous renseignements, questions ou informations, contactez-nous directement via le formulaire de contact.","og_url":"https:\/\/herbace.ch\/wp\/formulaire\/","og_site_name":"Herb&#039;\u00e0 C\u00e9","article_publisher":"https:\/\/www.facebook.com\/celine.bron.cb?locale=fr_FR","article_modified_time":"2022-11-18T14:32:34+00:00","twitter_card":"summary_large_image","twitter_misc":{"Dur\u00e9e de lecture estim\u00e9e":"1 minute"},"schema":{"@context":"https:\/\/schema.org","@graph":[{"@type":"WebPage","@id":"https:\/\/herbace.ch\/wp\/formulaire\/","url":"https:\/\/herbace.ch\/wp\/formulaire\/","name":"Contact - Herb&#039;\u00e0 C\u00e9","isPartOf":{"@id":"https:\/\/herbace.ch\/wp\/#website"},"datePublished":"2020-01-18T13:54:58+00:00","dateModified":"2022-11-18T14:32:34+00:00","description":"Pour tous renseignements, questions ou informations, contactez-nous directement via le formulaire de contact.","breadcrumb":{"@id":"https:\/\/herbace.ch\/wp\/formulaire\/#breadcrumb"},"inLanguage":"fr-FR","potentialAction":[{"@type":"ReadAction","target":["https:\/\/herbace.ch\/wp\/formulaire\/"]}]},{"@type":"BreadcrumbList","@id":"https:\/\/herbace.ch\/wp\/formulaire\/#breadcrumb","itemListElement":[{"@type":"ListItem","position":1,"name":"Accueil","item":"https:\/\/herbace.ch\/wp\/"},{"@type":"ListItem","position":2,"name":"Contact"}]},{"@type":"WebSite","@id":"https:\/\/herbace.ch\/wp\/#website","url":"https:\/\/herbace.ch\/wp\/","name":"Herb'\u00e0 C\u00e9","description":"La force des plantes au quotidien","publisher":{"@id":"https:\/\/herbace.ch\/wp\/#organization"},"alternateName":"herbace","potentialAction":[{"@type":"SearchAction","target":{"@type":"EntryPoint","urlTemplate":"https:\/\/herbace.ch\/wp\/?s={search_term_string}"},"query-input":{"@type":"PropertyValueSpecification","valueRequired":true,"valueName":"search_term_string"}}],"inLanguage":"fr-FR"},{"@type":"Organization","@id":"https:\/\/herbace.ch\/wp\/#organization","name":"Herb'\u00e0 C\u00e9","alternateName":"herbace","url":"https:\/\/herbace.ch\/wp\/","logo":{"@type":"ImageObject","inLanguage":"fr-FR","@id":"https:\/\/herbace.ch\/wp\/#\/schema\/logo\/image\/","url":"https:\/\/herbace.ch\/wp\/wp-content\/uploads\/2020\/01\/cropped-Logo_Herb\u00e0C\u00e9-e1579377293294-1.png","contentUrl":"https:\/\/herbace.ch\/wp\/wp-content\/uploads\/2020\/01\/cropped-Logo_Herb\u00e0C\u00e9-e1579377293294-1.png","width":150,"height":157,"caption":"Herb'\u00e0 C\u00e9"},"image":{"@id":"https:\/\/herbace.ch\/wp\/#\/schema\/logo\/image\/"},"sameAs":["https:\/\/www.facebook.com\/celine.bron.cb?locale=fr_FR","https:\/\/www.instagram.com\/herbace.ch\/"]}]}},"_links":{"self":[{"href":"https:\/\/herbace.ch\/wp\/wp-json\/wp\/v2\/pages\/27","targetHints":{"allow":["GET"]}}],"collection":[{"href":"https:\/\/herbace.ch\/wp\/wp-json\/wp\/v2\/pages"}],"about":[{"href":"https:\/\/herbace.ch\/wp\/wp-json\/wp\/v2\/types\/page"}],"author":[{"embeddable":true,"href":"https:\/\/herbace.ch\/wp\/wp-json\/wp\/v2\/users\/1"}],"replies":[{"embeddable":true,"href":"https:\/\/herbace.ch\/wp\/wp-json\/wp\/v2\/comments?post=27"}],"version-history":[{"count":5,"href":"https:\/\/herbace.ch\/wp\/wp-json\/wp\/v2\/pages\/27\/revisions"}],"predecessor-version":[{"id":567,"href":"https:\/\/herbace.ch\/wp\/wp-json\/wp\/v2\/pages\/27\/revisions\/567"}],"wp:attachment":[{"href":"https:\/\/herbace.ch\/wp\/wp-json\/wp\/v2\/media?parent=27"}],"curies":[{"name":"wp","href":"https:\/\/api.w.org\/{rel}","templated":true}]}}